{"id":393663,"date":"2026-02-03T04:44:32","date_gmt":"2026-02-03T09:44:32","guid":{"rendered":"https:\/\/www.puregym.com\/us?page_id=393663"},"modified":"2026-03-11T06:05:21","modified_gmt":"2026-03-11T10:05:21","slug":"equipment","status":"publish","type":"page","link":"https:\/\/www.puregym.com\/us\/es\/equipment","title":{"rendered":"Equipos"},"content":{"rendered":"<div class=\"wpb-content-wrapper\"><p>[vc_row][vc_column][vc_column_text][\/vc_column_text][\/vc_column][\/vc_row][vc_row][vc_column][vc_column_text css=&#8221;&#8221; el_class=&#8221;headline&#8221;]<\/p>\n<h1 style=\"text-align: center;\">Entrenamiento Para Todos<\/h1>\n<h2 style=\"text-align: center;\">Todos los equipos, ning\u00fan precio alto<\/h2>\n<h3 class=\"sub-headline\" style=\"text-align: center;\"><strong translate=\"no\">Cada PureGym est\u00e1 dise\u00f1ado para ayudarle a que se sienta lo mejor posible. Ya sea que quiera entrenar fuerza y hacer cardio o cuidar su bienestar general, encontrar\u00e1 los equipos y el apoyo que necesita para alcanzar sus objetivos, a su manera.<\/strong><\/h3>\n<p>[\/vc_column_text][vc_tta_tabs active_section=&#8221;5&#8243; el_class=&#8221;basefittab&#8221;][vc_tta_section title=&#8221;Cardio&#8221; tab_id=&#8221;cardio&#8221;][vc_row_inner el_class=&#8221;buttons_enger&#8221;][vc_column_inner el_class=&#8221;buttons_enger&#8221; width=&#8221;2\/3&#8243;][vc_column_text css=&#8221;&#8221; el_class=&#8221;headline&#8221;]<\/p>\n<h2 class=\"p1\">Sudar, sonre\u00edr, repetir<\/h2>\n<p>[\/vc_column_text][vc_column_text css=&#8221;&#8221;]<\/p>\n<p class=\"p1\">Si su objetivo es mejorar su capacidad de resistencia, en PureGym encontrar\u00e1 lo que busca. Con nuestra amplia selecci\u00f3n de equipos de cardio, que incluye cintas de correr, m\u00e1quinas el\u00edpticas y bicicletas fijas, encontrar\u00e1 lo necesario para ponerse a sudar.<\/p>\n<p>&nbsp;<\/p>\n<p class=\"p1\"><a class=\"btn second\" href=\"membership-options\/day-pass\">Pase de un d\u00eda<\/a> <a class=\"btn first\" href=\"https:\/\/puregym-us.exerp.site\/join\/center?lang=spanish\">\u00danase ahora<\/a> <a class=\"second btn\" href=\"gyms\">Encuentre un PureGym<\/a><\/p>\n<p>[\/vc_column_text][\/vc_column_inner][vc_column_inner el_class=&#8221;hidden-xs&#8221; width=&#8221;1\/3&#8243;][vc_single_image image=&#8221;394743&#8243; img_size=&#8221;large&#8221; alignment=&#8221;center&#8221; css=&#8221;&#8221;][\/vc_column_inner][\/vc_row_inner][vc_row_inner el_class=&#8221;visible-xs devider noborder&#8221;][vc_column_inner][vc_single_image image=&#8221;394743&#8243; img_size=&#8221;full&#8221; css=&#8221;&#8221;][\/vc_column_inner][\/vc_row_inner][vc_row_inner css=&#8221;.vc_custom_1578481740183{margin-top: -30px !important;margin-bottom: 30px !important;}&#8221; el_class=&#8221;hidden-dt&#8221;][vc_column_inner][vc_btn title=&#8221;Elija su club&#8221; align=&#8221;center&#8221; css=&#8221;.vc_custom_1770624666938{margin-top: 0px !important;margin-bottom: 20px !important;}&#8221; link=&#8221;url:https:\/\/puregym-us.exerp.site\/join\/center|title:Register%20now||&#8221;][vc_single_image image=&#8221;162273&#8243; img_size=&#8221;full&#8221; alignment=&#8221;center&#8221; css=&#8221;.vc_custom_1578481369949{margin-top: 10px !important;}&#8221; el_class=&#8221;hidden-dt&#8221;][\/vc_column_inner][\/vc_row_inner][\/vc_tta_section][vc_tta_section title=&#8221;Entrenamiento de fuerza&#8221; tab_id=&#8221;entrenamientodefuerza&#8221;][vc_row_inner][vc_column_inner el_class=&#8221;buttons_enger&#8221; width=&#8221;7\/12&#8243;][vc_column_text css=&#8221;&#8221; el_class=&#8221;headline&#8221;]<\/p>\n<h2>Cada persona encuentra lo suyo<\/h2>\n<p>[\/vc_column_text][vc_column_text css=&#8221;&#8221;]<\/p>\n<p class=\"p1\">Nuestros gimnasios cuentan con una amplia variedad de equipos de entrenamiento de fuerza, pr\u00e9mium y de \u00faltima generaci\u00f3n, para todos los niveles de aptitud f\u00edsica.<\/p>\n<p>&nbsp;<\/p>\n<p class=\"p1\"><a class=\"btn second\" href=\"membership-options\/day-pass\">Pase de un d\u00eda<\/a> <a class=\"btn first\" href=\"https:\/\/puregym-us.exerp.site\/join\/center?lang=spanish\">\u00danase ahora<\/a> <a class=\"second btn\" href=\"gyms\">Encuentre un PureGym<\/a><\/p>\n<p>[\/vc_column_text][\/vc_column_inner][vc_column_inner el_class=&#8221;hidden-xs&#8221; width=&#8221;5\/12&#8243;][vc_single_image image=&#8221;389732&#8243; img_size=&#8221;full&#8221; alignment=&#8221;center&#8221; css=&#8221;.vc_custom_1758743312573{margin-right: -30px !important;}&#8221;][\/vc_column_inner][\/vc_row_inner][vc_row_inner el_class=&#8221;hidden-dt&#8221; css=&#8221;.vc_custom_1578484746369{margin-top: 30px !important;}&#8221;][vc_column_inner][vc_single_image image=&#8221;389732&#8243; img_size=&#8221;full&#8221; alignment=&#8221;center&#8221; css=&#8221;&#8221;][vc_btn title=&#8221;Elija su club&#8221; align=&#8221;center&#8221; css=&#8221;.vc_custom_1770624680511{margin-top: 60px !important;}&#8221; link=&#8221;url:https:\/\/puregym-us.exerp.site\/join\/center|title:register%20now||&#8221;][\/vc_column_inner][\/vc_row_inner][vc_row_inner equal_height=&#8221;yes&#8221; content_placement=&#8221;bottom&#8221;][vc_column_inner el_class=&#8221;hidden-xs&#8221; width=&#8221;5\/12&#8243;][vc_single_image image=&#8221;389734&#8243; img_size=&#8221;full&#8221; css=&#8221;&#8221;][\/vc_column_inner][vc_column_inner width=&#8221;7\/12&#8243;][vc_column_text css=&#8221;&#8221; el_class=&#8221;headline&#8221;]<\/p>\n<h2>M\u00e1quinas de placas<\/h2>\n<h3 class=\"sub-headline\">M\u00e1s peso, m\u00e1s control<\/h3>\n<h3 class=\"sub-headline\"><\/h3>\n<p>[\/vc_column_text][vc_column_text css=&#8221;&#8221;]Las m\u00e1quinas de placas ofrecen la sensaci\u00f3n de peso libre con un mayor control. Cargue las placas a su ritmo y desarrolle fuerza a su medida. Trabaje el tren superior con prensas de pecho, prensas de hombros o tracciones laterales hacia abajo, y desaf\u00ede el tren inferior con prensas de piernas, abductores de cadera y m\u00e1s.[\/vc_column_text][\/vc_column_inner][\/vc_row_inner][vc_row_inner el_class=&#8221;hidden-dt nopadding&#8221; css=&#8221;.vc_custom_1578485308189{margin-bottom: 50px !important;}&#8221;][vc_column_inner][vc_single_image image=&#8221;389734&#8243; img_size=&#8221;full&#8221; css=&#8221;&#8221;][\/vc_column_inner][\/vc_row_inner][vc_row_inner equal_height=&#8221;yes&#8221; content_placement=&#8221;bottom&#8221;][vc_column_inner width=&#8221;2\/3&#8243;][vc_column_text css=&#8221;&#8221; el_class=&#8221;headline&#8221;]<\/p>\n<h2>Pesas sueltas<\/h2>\n<h3 class=\"sub-headline\">Desarrolle fuerza a su manera<\/h3>\n<h3 class=\"sub-headline\"><\/h3>\n<p>[\/vc_column_text][vc_column_text css=&#8221;&#8221;]<\/p>\n<p class=\"p1\">Cada \u00e1rea de fuerza est\u00e1 equipada con pesas sueltas de entre\u00a02 y 40\u00a0kg. Tanto si est\u00e1 comenzando como si levanta peso hace tiempo, encontrar\u00e1 lo que necesita.<\/p>\n<p>[\/vc_column_text][\/vc_column_inner][vc_column_inner el_class=&#8221;hidden-xs&#8221; width=&#8221;1\/3&#8243;][vc_single_image image=&#8221;389736&#8243; img_size=&#8221;full&#8221; alignment=&#8221;center&#8221; css=&#8221;&#8221;][\/vc_column_inner][\/vc_row_inner][vc_row_inner el_class=&#8221;visible-xs devider noborder&#8221; css=&#8221;.vc_custom_1578485337028{margin-top: 20px !important;margin-bottom: 40px !important;}&#8221;][vc_column_inner][vc_single_image image=&#8221;389736&#8243; img_size=&#8221;full&#8221; alignment=&#8221;center&#8221; css=&#8221;&#8221;][\/vc_column_inner][\/vc_row_inner][\/vc_tta_section][vc_tta_section title=&#8221;Entrenamiento funcional&#8221; tab_id=&#8221;entrenamientofuncional&#8221;][vc_row_inner css=&#8221;.vc_custom_1575459023038{margin-top: 0px !important;}&#8221;][vc_column_inner el_class=&#8221;buttons_enger&#8221; width=&#8221;7\/12&#8243;][vc_column_text css=&#8221;&#8221; el_class=&#8221;headline&#8221;]<\/p>\n<h2>Combine ejercicios en el \u00e1rea funcional<\/h2>\n<p>[\/vc_column_text][vc_column_text css=&#8221;&#8221;]<\/p>\n<p class=\"p1\">En PureGym encontrar\u00e1 un \u00e1rea funcional para entrenamiento\u00a0HIIT y en circuitos con peso corporal. Este espacio incluye cuerdas de batalla, pesas rusas, pelotas medicinales, pelotas Bosu\u00ae, pelotas de estabilidad, rodillos de espuma, bandas de resistencia, cajas Plyo y TRX.<\/p>\n<p>&nbsp;<\/p>\n<p class=\"p1\"><a class=\"btn second\" href=\"membership-options\/day-pass\">Pase de un d\u00eda<\/a> <a class=\"btn first\" href=\"https:\/\/puregym-us.exerp.site\/join\/center?lang=spanish\">\u00danase ahora<\/a> <a class=\"second btn\" href=\"gyms\">Encuentre un PureGym<\/a><\/p>\n<p>[\/vc_column_text][\/vc_column_inner][vc_column_inner el_class=&#8221;hidden-xs&#8221; width=&#8221;5\/12&#8243;][vc_single_image image=&#8221;389742&#8243; img_size=&#8221;full&#8221; alignment=&#8221;center&#8221; css=&#8221;&#8221; el_class=&#8221;hanging-border-right&#8221;][\/vc_column_inner][\/vc_row_inner][vc_row_inner el_class=&#8221;hidden-dt&#8221;][vc_column_inner][vc_single_image image=&#8221;389742&#8243; img_size=&#8221;full&#8221; css=&#8221;&#8221;][\/vc_column_inner][\/vc_row_inner][vc_row_inner el_class=&#8221;hidden-dt&#8221;][vc_column_inner][vc_btn title=&#8221;Elija su club&#8221; align=&#8221;center&#8221; css=&#8221;.vc_custom_1770624864605{margin-top: 40px !important;}&#8221; link=&#8221;url:https:\/\/puregym-us.exerp.site\/join\/center|title:register%20now||&#8221;][\/vc_column_inner][\/vc_row_inner][\/vc_tta_section][vc_tta_section title=&#8221;Clases de fitness&#8221; tab_id=&#8221;clasesdefitness&#8221;][vc_row_inner css=&#8221;.vc_custom_1578395020406{margin-top: 0px !important;}&#8221;][vc_column_inner][vc_column_text css=&#8221;&#8221; el_class=&#8221;headline&#8221;]<\/p>\n<h2>Entrene con compa\u00f1\u00eda en nuestros gimnasios<\/h2>\n<h3 class=\"sub-headline\" style=\"text-align: left;\"><\/h3>\n<p>[\/vc_column_text][vc_column_text css=&#8221;&#8221;]<\/p>\n<p class=\"p1\">En algunos centros selectos de PureGym, los miembros tienen acceso a m\u00e1s de 80\u00a0clases grupales guiadas por instructores todas las semanas. Con nuestra amplia variedad de clases, puede tonificar m\u00fasculos y quemar grasa a su ritmo. Adem\u00e1s, aportan la motivaci\u00f3n adicional de hacer ejercicio en un entorno grupal con personas afines.<\/p>\n<p>Ya est\u00e1n disponibles en Springfield VA, Tysons Corner VA y Columbia MD.<\/p>\n<p><a class=\"btn first\" href=\"https:\/\/puregym-us.exerp.site\/login?center?lang=spanish\">Reservas<\/a>[\/vc_column_text][vc_column_text css=&#8221;.vc_custom_1770625125634{margin-bottom: -20px !important;}&#8221;]<\/p>\n<h3>Nuestras clases<\/h3>\n<p>[\/vc_column_text][\/vc_column_inner][\/vc_row_inner][vc_row_inner equal_height=&#8221;yes&#8221; gap=&#8221;25&#8243; el_class=&#8221;fullsizeimages&#8221; css=&#8221;.vc_custom_1575541583829{margin-top: 30px !important;}&#8221;][vc_column_inner width=&#8221;1\/4&#8243; offset=&#8221;vc_col-xs-6&#8243;][vc_column_text css=&#8221;.vc_custom_1770625132991{margin-bottom: -10px !important;}&#8221;]<\/p>\n<h4>Hyrox<\/h4>\n<h4><\/h4>\n<p>[\/vc_column_text][vc_column_text css=&#8221;&#8221;]Hyrox es una competencia de gimnasia global que combina ocho carreras de 1\u00a0km con ocho estaciones de entrenamiento funcional. En Pure Fitness, nos entusiasma habernos asociamos con Hyrox para traer tres clases totalmente nuevas a nuestros gimnasios.<\/p>\n<p>Estas clases de Hyrox est\u00e1n dise\u00f1adas para todos los niveles de aptitud f\u00edsica, y son perfectas para cualquiera que busque aumentar su fuerza, velocidad y resistencia. No es necesario estar entrenando para un evento de Hyrox para tomar estas clases, que son una manera divertida y desafiante de mantenerse en forma y familiarizarse con los ejercicios que se usan en la competencia, todo en un entorno seguro y de apoyo.[\/vc_column_text][\/vc_column_inner][vc_column_inner width=&#8221;1\/4&#8243; offset=&#8221;vc_col-xs-6&#8243;][vc_column_text css=&#8221;.vc_custom_1758180689707{margin-bottom: -10px !important;}&#8221;]<\/p>\n<h4>Cycle<\/h4>\n<h4><\/h4>\n<p>[\/vc_column_text][vc_column_text css=&#8221;&#8221;]Prep\u00e1rese para quemar calor\u00edas y aumentar su nivel de aptitud f\u00edsica con las clases de Cycle de PureGym. Son clases de intensidad entre moderada y alta (que a veces se denominan de \u201cspin\u201d). Con m\u00fasica motivadora como banda sonora, se recorren distintos terrenos dise\u00f1ados para mejorar la resistencia cardiovascular, bajar de peso y fortalecer las piernas y el torso. Como usted controla la resistencia y la velocidad, el nivel de desaf\u00edo queda en sus manos. Cuando de clases de ejercicios grupales se trata, esta es tan f\u00e1cil como andar en bicicleta.[\/vc_column_text][\/vc_column_inner][vc_column_inner width=&#8221;1\/4&#8243;][vc_column_text css=&#8221;.vc_custom_1758180947009{margin-bottom: -10px !important;}&#8221;]<\/p>\n<h4>Kettlebells<\/h4>\n<h4><\/h4>\n<p>[\/vc_column_text][vc_column_text css=&#8221;&#8221;]Si bien las kettlebells (pesas rusas) pueden parecer sencillas, en la clase de Kettlebell de PureGym encontrar\u00e1 un entrenamiento din\u00e1mico e intenso para fortalecer y tonificar todo el cuerpo. Sentir\u00e1 que su resistencia, flexibilidad y fuerza mejoran con cada balanceo, sentadilla y zancada, y descubrir\u00e1 que este elemento ofrece una forma poderosa y divertida de mejorar su composici\u00f3n corporal general.[\/vc_column_text][\/vc_column_inner][vc_column_inner width=&#8221;1\/4&#8243;][vc_column_text css=&#8221;.vc_custom_1759173341238{margin-bottom: 0px !important;}&#8221;]<\/p>\n<h4>Yoga<\/h4>\n<p>[\/vc_column_text][vc_column_text css=&#8221;.vc_custom_1770625193518{margin-bottom: 0px !important;}&#8221;]En nuestras clases de yoga podr\u00e1 hacer distintas posturas f\u00edsicas que ayudan a desarrollar la disciplina, junto con ejercicios de respiraci\u00f3n y relajaci\u00f3n dise\u00f1ados para ayudar a mejorar la conexi\u00f3n mente-cuerpo. Solo 30\u00a0minutos le ayudar\u00e1n a aumentar la flexibilidad y el equilibrio, reducir el estr\u00e9s y mejorar su salud en general.[\/vc_column_text][\/vc_column_inner][\/vc_row_inner][vc_row_inner equal_height=&#8221;yes&#8221; gap=&#8221;25&#8243; el_class=&#8221;fullsizeimages&#8221; css=&#8221;.vc_custom_1575541583829{margin-top: 30px !important;}&#8221;][vc_column_inner width=&#8221;1\/4&#8243; offset=&#8221;vc_col-xs-6&#8243;][vc_column_text css=&#8221;.vc_custom_1759173702767{margin-bottom: -10px !important;}&#8221;]<\/p>\n<h4>Strength 45<\/h4>\n<h4><\/h4>\n<p>[\/vc_column_text][vc_column_text css=&#8221;&#8221;]Nuestras clases de Strenght 45 se enfocan en desarrollar la fuerza de todo el cuerpo con entrenamientos estilo circuito inspirados en ejercicios similares a los de Hyrox y CrossFit. En cada sesi\u00f3n se combinan distintos movimientos y pesas para trabajar el cuerpo completo, centr\u00e1ndose en la t\u00e9cnica y el control. Como cierre, se realiza un ejercicio final energizante, para que termine su entrenamiento con ese impulso positivo que dejan las endorfinas. Tanto si ya tiene experiencia como si apenas est\u00e1 comenzando con el entrenamiento de fuerza, nuestros instructores estar\u00e1n disponibles para ofrecerle gu\u00eda y apoyo a cada paso del camino.[\/vc_column_text][\/vc_column_inner][vc_column_inner width=&#8221;1\/4&#8243; offset=&#8221;vc_col-xs-6&#8243;][vc_column_text css=&#8221;.vc_custom_1760089299610{margin-bottom: -10px !important;}&#8221;]<\/p>\n<h4>Legs Bums and Tums<\/h4>\n<h4><\/h4>\n<p>[\/vc_column_text][vc_column_text css=&#8221;&#8221;]P\u00f3ngase en forma y queme grasa mientras da zancadas, marcha y hace sentadillas en las clases de Legs, Bums and Tums (piernas, gl\u00fateos y abdomen) de PureGym, dise\u00f1adas espec\u00edficamente para tonificar y definir estos grupos musculares clave. Esta rutina, que se centra en el tren inferior, es de bajo impacto y alta intensidad, y ayudar\u00e1 que fortalezca los gl\u00fateos, tonifique las piernas y esculpa el torso. Gracias a los movimientos de alta repetici\u00f3n controlados y la m\u00fasica motivadora, ganar\u00e1 fuerza y resistencia a la vez.[\/vc_column_text][\/vc_column_inner][vc_column_inner width=&#8221;1\/4&#8243; offset=&#8221;vc_col-xs-6&#8243;][vc_column_text css=&#8221;.vc_custom_1770625233918{margin-bottom: -10px !important;}&#8221;]<\/p>\n<h4>Pump<\/h4>\n<h4><\/h4>\n<p>[\/vc_column_text][vc_column_text css=&#8221;&#8221;]Si quiere tonificar el cuerpo, desarrollar m\u00fasculo o quemar grasa, Pump de PureGym es una clase de resistencia de cuerpo completo en la que se usan pesas y se entrena de pies a cabeza. Mientras trabaja con levantamientos, flexiones y zancadas durante la variedad de ejercicios animados, el tiempo pasar\u00e1 volando.[\/vc_column_text][\/vc_column_inner][\/vc_row_inner][vc_separator color=&#8221;white&#8221; border_width=&#8221;2&#8243; css=&#8221;.vc_custom_1575387710315{margin-top: 50px !important;margin-bottom: 50px !important;}&#8221;][\/vc_tta_section][\/vc_tta_tabs][\/vc_column][\/vc_row]<\/p>\n<\/div>","protected":false},"excerpt":{"rendered":"<p>[vc_row][vc_column][vc_column_text][\/vc_column_text][\/vc_column][\/vc_row][vc_row][vc_column][vc_column_text css=&#8221;&#8221; el_class=&#8221;headline&#8221;] Entrenamiento Para Todos Todos los equipos, ning\u00fan precio alto Cada PureGym est\u00e1 dise\u00f1ado para ayudarle a que se sienta lo mejor posible. Ya sea que quiera entrenar fuerza y hacer cardio o cuidar su bienestar general, encontrar\u00e1 los equipos y el apoyo que necesita para alcanzar sus objetivos, a su manera. [\/vc_column_text][vc_tta_tabs [&hellip;]<\/p>\n","protected":false},"author":48,"featured_media":389728,"parent":0,"menu_order":0,"comment_status":"closed","ping_status":"closed","template":"","meta":{"_acf_changed":false,"footnotes":""},"class_list":["post-393663","page","type-page","status-publish","has-post-thumbnail","hentry"],"acf":[],"_links":{"self":[{"href":"https:\/\/www.puregym.com\/us\/es\/wp-json\/wp\/v2\/pages\/393663","targetHints":{"allow":["GET"]}}],"collection":[{"href":"https:\/\/www.puregym.com\/us\/es\/wp-json\/wp\/v2\/pages"}],"about":[{"href":"https:\/\/www.puregym.com\/us\/es\/wp-json\/wp\/v2\/types\/page"}],"author":[{"embeddable":true,"href":"https:\/\/www.puregym.com\/us\/es\/wp-json\/wp\/v2\/users\/48"}],"replies":[{"embeddable":true,"href":"https:\/\/www.puregym.com\/us\/es\/wp-json\/wp\/v2\/comments?post=393663"}],"version-history":[{"count":10,"href":"https:\/\/www.puregym.com\/us\/es\/wp-json\/wp\/v2\/pages\/393663\/revisions"}],"predecessor-version":[{"id":394745,"href":"https:\/\/www.puregym.com\/us\/es\/wp-json\/wp\/v2\/pages\/393663\/revisions\/394745"}],"wp:featuredmedia":[{"embeddable":true,"href":"https:\/\/www.puregym.com\/us\/es\/wp-json\/wp\/v2\/media\/389728"}],"wp:attachment":[{"href":"https:\/\/www.puregym.com\/us\/es\/wp-json\/wp\/v2\/media?parent=393663"}],"curies":[{"name":"wp","href":"https:\/\/api.w.org\/{rel}","templated":true}]}}