{"id":393879,"date":"2026-02-11T12:19:56","date_gmt":"2026-02-11T17:19:56","guid":{"rendered":"https:\/\/www.puregym.com\/us?page_id=393879"},"modified":"2026-02-11T12:19:56","modified_gmt":"2026-02-11T17:19:56","slug":"blog","status":"publish","type":"page","link":"https:\/\/www.puregym.com\/us\/es\/blog","title":{"rendered":"Blog"},"content":{"rendered":"<div class=\"wpb-content-wrapper\"><p>[vc_row][vc_column][vc_column_text css=&#8221;&#8221; el_class=&#8221;headline&#8221;]<\/p>\n<h1 style=\"text-align: center;\">Blog<\/h1>\n<p style=\"text-align: center;\">El espacio donde se encuentran el ejercicio f\u00edsico, la nutrici\u00f3n y el bienestar. Reciba consejos de expertos sobre ejercicios y equipos del gimnasio, explore recetas saludables y consejos de nutrici\u00f3n, y descubra pr\u00e1cticas de cuidado personal y atenci\u00f3n plena que pueden ayudar a que se sienta bien por dentro y por fuera.<\/p>\n<p>[\/vc_column_text][vc_basic_grid post_type=&#8221;post&#8221; max_items=&#8221;200&#8243; show_filter=&#8221;yes&#8221; gap=&#8221;10&#8243; filter_align=&#8221;left&#8221; item=&#8221;162500&#8243; grid_id=&#8221;vc_gid:1770629279702-a4409747-83a7-5&#8243; el_id=&#8221;basefit_news&#8221; taxonomies=&#8221;12, 13, 1110, 1730, 9669&#8243; filter_source=&#8221;category&#8221; exclude_filter=&#8221;5&#8243;][\/vc_column][\/vc_row]<\/p>\n<\/div>","protected":false},"excerpt":{"rendered":"<p>[vc_row][vc_column][vc_column_text css=&#8221;&#8221; el_class=&#8221;headline&#8221;] Blog El espacio donde se encuentran el ejercicio f\u00edsico, la nutrici\u00f3n y el bienestar. Reciba consejos de expertos sobre ejercicios y equipos del gimnasio, explore recetas saludables y consejos de nutrici\u00f3n, y descubra pr\u00e1cticas de cuidado personal y atenci\u00f3n plena que pueden ayudar a que se sienta bien por dentro y por [&hellip;]<\/p>\n","protected":false},"author":49,"featured_media":389726,"parent":0,"menu_order":0,"comment_status":"closed","ping_status":"closed","template":"page_nocache.php","meta":{"_acf_changed":false,"footnotes":""},"class_list":["post-393879","page","type-page","status-publish","has-post-thumbnail","hentry"],"acf":[],"_links":{"self":[{"href":"https:\/\/www.puregym.com\/us\/es\/wp-json\/wp\/v2\/pages\/393879","targetHints":{"allow":["GET"]}}],"collection":[{"href":"https:\/\/www.puregym.com\/us\/es\/wp-json\/wp\/v2\/pages"}],"about":[{"href":"https:\/\/www.puregym.com\/us\/es\/wp-json\/wp\/v2\/types\/page"}],"author":[{"embeddable":true,"href":"https:\/\/www.puregym.com\/us\/es\/wp-json\/wp\/v2\/users\/49"}],"replies":[{"embeddable":true,"href":"https:\/\/www.puregym.com\/us\/es\/wp-json\/wp\/v2\/comments?post=393879"}],"version-history":[{"count":3,"href":"https:\/\/www.puregym.com\/us\/es\/wp-json\/wp\/v2\/pages\/393879\/revisions"}],"predecessor-version":[{"id":393887,"href":"https:\/\/www.puregym.com\/us\/es\/wp-json\/wp\/v2\/pages\/393879\/revisions\/393887"}],"wp:featuredmedia":[{"embeddable":true,"href":"https:\/\/www.puregym.com\/us\/es\/wp-json\/wp\/v2\/media\/389726"}],"wp:attachment":[{"href":"https:\/\/www.puregym.com\/us\/es\/wp-json\/wp\/v2\/media?parent=393879"}],"curies":[{"name":"wp","href":"https:\/\/api.w.org\/{rel}","templated":true}]}}