{"id":393968,"date":"2026-02-11T12:17:12","date_gmt":"2026-02-11T17:17:12","guid":{"rendered":"https:\/\/www.puregym.com\/us?page_id=393968"},"modified":"2026-02-12T12:37:33","modified_gmt":"2026-02-12T17:37:33","slug":"aplicacion","status":"publish","type":"page","link":"https:\/\/www.puregym.com\/us\/es\/aplicacion","title":{"rendered":"Aplicaci\u00f3n"},"content":{"rendered":"<div class=\"wpb-content-wrapper\"><p>[vc_row][vc_column][vc_column_text css=&#8221;&#8221; el_class=&#8221;headline&#8221;]<\/p>\n<h1 style=\"text-align: center;\">Aproveche al m\u00e1ximo su membres\u00eda con la aplicaci\u00f3n PureGym<\/h1>\n<p style=\"text-align: center;\"><b><span style=\"font-size: 20px;\">La aplicaci\u00f3n PureGym es su clave para entrar en el gimnasio.<\/span><\/b><\/p>\n<p style=\"text-align: center;\">En la aplicaci\u00f3n se encuentra su c\u00f3digo\u00a0QR personal para una entrada r\u00e1pida y sin contacto. Equivale a registrarse en el gimnasio cada vez que va. Tambi\u00e9n puede programar sus visitas al consultar la capacidad del local en vivo, registrar sus rutinas para dar seguimiento a su progreso y administrar su membres\u00eda con solo unos toques. Todo lo que necesita para mantenerse en movimiento en un solo lugar.<\/p>\n<p>&nbsp;<\/p>\n<p style=\"text-align: center;\"><b><span style=\"font-size: 20px;\">Descargue la aplicaci\u00f3n PureGym<\/span><\/b><\/p>\n<p>&nbsp;<\/p>\n<p style=\"text-align: center;\"><a href=\"https:\/\/play.google.com\/store\/apps\/details?id=com.innovatise.blinkholdingsinc&amp;hl=en-US\"><img loading=\"lazy\" decoding=\"async\" class=\"alignleft wp-image-239790\" src=\"\/us\/wp-content\/uploads\/2022\/08\/googlestore_en.png\" alt=\"\" width=\"150\" height=\"45\" \/> <\/a><a href=\"https:\/\/apps.apple.com\/us\/app\/blink-fitness\/id6747757018\"><img loading=\"lazy\" decoding=\"async\" class=\"alignleft wp-image-239794\" src=\"\/us\/wp-content\/uploads\/2022\/08\/appstore_en.png\" alt=\"\" width=\"156\" height=\"45\" \/><\/a><\/p>\n<p>[\/vc_column_text][vc_row_inner][vc_column_inner][\/vc_column_inner][\/vc_row_inner][\/vc_column][\/vc_row][vc_row][vc_column][vc_column_text css=&#8221;&#8221; el_class=&#8221;headline&#8221;]<\/p>\n<h2 style=\"text-align: center;\">Preguntas frecuentes<\/h2>\n<p>[\/vc_column_text][vc_separator color=&#8221;black&#8221; border_width=&#8221;2&#8243; css=&#8221;.vc_custom_1696946515966{margin-top: -30px !important;margin-bottom: -30px !important;}&#8221;][vc_column_text css=&#8221;&#8221; el_class=&#8221;headline&#8221;]<b><span style=\"font-size: 20px;\">\u00bfPor qu\u00e9 deber\u00eda usar la aplicaci\u00f3n PG?<\/span><\/b><br \/>\nNecesitar\u00e1s la aplicaci\u00f3n PureGym para acceder a tu c\u00f3digo QR personal y poder entrar al gimnasio. La aplicaci\u00f3n tambi\u00e9n facilita cada visita. Desde la gesti\u00f3n de la cuenta hasta compartir pases de invitado. Es tu compa\u00f1ero de fitness todo en uno para mantenerte conectado y al d\u00eda en cualquier momento y lugar.[\/vc_column_text][\/vc_column][\/vc_row][vc_row][vc_column][vc_raw_js]JTNDc2NyaXB0JTNFJTBBalF1ZXJ5JTI4ZG9jdW1lbnQlMjkucmVhZHklMjhmdW5jdGlvbiUyOGpRdWVyeSUyOSU3QiUwQWpRdWVyeSUyOCUyMi53cGNmNy1mb3JtLWNvbnRyb2wlMjIlMjkucHJvcCUyOCUyN3JlcXVpcmVkJTI3JTJDdHJ1ZSUyOSUzQiUwQWpRdWVyeSUyOCUyMi53cGNmNy1mb3JtJTIyJTI5LnJlbW92ZUF0dHIlMjglMjdub3ZhbGlkYXRlJTI3JTI5JTNCJTBBJTdEJTI5JTNCJTBBJTNDJTJGc2NyaXB0JTNF[\/vc_raw_js][\/vc_column][\/vc_row]<\/p>\n<\/div>","protected":false},"excerpt":{"rendered":"<p>[vc_row][vc_column][vc_column_text css=&#8221;&#8221; el_class=&#8221;headline&#8221;] Aproveche al m\u00e1ximo su membres\u00eda con la aplicaci\u00f3n PureGym La aplicaci\u00f3n PureGym es su clave para entrar en el gimnasio. En la aplicaci\u00f3n se encuentra su c\u00f3digo\u00a0QR personal para una entrada r\u00e1pida y sin contacto. Equivale a registrarse en el gimnasio cada vez que va. Tambi\u00e9n puede programar sus visitas al consultar [&hellip;]<\/p>\n","protected":false},"author":49,"featured_media":389721,"parent":0,"menu_order":0,"comment_status":"closed","ping_status":"closed","template":"","meta":{"_acf_changed":false,"footnotes":""},"class_list":["post-393968","page","type-page","status-publish","has-post-thumbnail","hentry"],"acf":[],"_links":{"self":[{"href":"https:\/\/www.puregym.com\/us\/es\/wp-json\/wp\/v2\/pages\/393968","targetHints":{"allow":["GET"]}}],"collection":[{"href":"https:\/\/www.puregym.com\/us\/es\/wp-json\/wp\/v2\/pages"}],"about":[{"href":"https:\/\/www.puregym.com\/us\/es\/wp-json\/wp\/v2\/types\/page"}],"author":[{"embeddable":true,"href":"https:\/\/www.puregym.com\/us\/es\/wp-json\/wp\/v2\/users\/49"}],"replies":[{"embeddable":true,"href":"https:\/\/www.puregym.com\/us\/es\/wp-json\/wp\/v2\/comments?post=393968"}],"version-history":[{"count":7,"href":"https:\/\/www.puregym.com\/us\/es\/wp-json\/wp\/v2\/pages\/393968\/revisions"}],"predecessor-version":[{"id":394321,"href":"https:\/\/www.puregym.com\/us\/es\/wp-json\/wp\/v2\/pages\/393968\/revisions\/394321"}],"wp:featuredmedia":[{"embeddable":true,"href":"https:\/\/www.puregym.com\/us\/es\/wp-json\/wp\/v2\/media\/389721"}],"wp:attachment":[{"href":"https:\/\/www.puregym.com\/us\/es\/wp-json\/wp\/v2\/media?parent=393968"}],"curies":[{"name":"wp","href":"https:\/\/api.w.org\/{rel}","templated":true}]}}