{"id":394042,"date":"2026-02-11T12:59:04","date_gmt":"2026-02-11T17:59:04","guid":{"rendered":"https:\/\/www.puregym.com\/us?page_id=394042"},"modified":"2026-02-13T06:23:53","modified_gmt":"2026-02-13T11:23:53","slug":"corporate-discounts","status":"publish","type":"page","link":"https:\/\/www.puregym.com\/us\/es\/corporate-discounts","title":{"rendered":"Corporate discounts"},"content":{"rendered":"<div class=\"wpb-content-wrapper\"><p>[vc_row][vc_column][vc_column_text css=&#8221;&#8221; el_class=&#8221;headline&#8221;]<\/p>\n<h1 style=\"text-align: center;\">Asociaciones corporativas y de salud con PureGym<\/h1>\n<p style=\"text-align: center;\">En PureGym, colaboramos con una amplia variedad de programas de salud. Estos incluyen programas de salud gubernamentales (como Medicare y Medicaid), adem\u00e1s de programas de bienestar privados, a los que puede accederse mediante los beneficios de bienestar que ofrecen los empleadores.<\/p>\n<p style=\"text-align: center;\">Formamos parte de programas de atenci\u00f3n m\u00e9dica con Tivity, American Specialty Health (ASH) y Optum.<\/p>\n<p>&nbsp;<\/p>\n<p style=\"text-align: center;\">Valide <a href=\"https:\/\/mywelld.com\/join\/blinkfitness\">aqu\u00ed<\/a> la elegibilidad de su programa.<\/p>\n<p>[\/vc_column_text][vc_gallery interval=&#8221;3&#8243; images=&#8221;389177&#8243; img_size=&#8221;full&#8221; css=&#8221;&#8221;][\/vc_column][\/vc_row][vc_row][vc_column][vc_column_text css=&#8221;&#8221; el_class=&#8221;headline&#8221;]<\/p>\n<h2 style=\"text-align: center;\">PureGym participa en estas redes de salud y comerciales:<\/h2>\n<p>[\/vc_column_text][vc_gallery interval=&#8221;3&#8243; images=&#8221;389175&#8243; img_size=&#8221;full&#8221; css=&#8221;&#8221;][\/vc_column][\/vc_row][vc_row][vc_column][vc_column_text css=&#8221;&#8221;]<\/p>\n<p style=\"text-align: center;\">\u00bfLe gustar\u00eda obtener ofertas importantes en membres\u00edas de PureGym para sus empleados, residentes o integrantes de un grupo?<\/p>\n<p style=\"text-align: center;\"><a class=\"btn first\" href=\"faqs\">M\u00e1s informaci\u00f3n<\/a><\/p>\n<p>[\/vc_column_text][\/vc_column][\/vc_row][vc_row][vc_column][vc_empty_space][\/vc_column][\/vc_row][vc_row][vc_column][vc_column_text css=&#8221;&#8221; el_class=&#8221;headline&#8221;]<\/p>\n<h2 style=\"text-align: center;\">Preguntas frecuentes<\/h2>\n<p>[\/vc_column_text][vc_separator color=&#8221;black&#8221; border_width=&#8221;2&#8243; css=&#8221;.vc_custom_1696946515966{margin-top: -30px !important;margin-bottom: -30px !important;}&#8221;][vc_column_text css=&#8221;&#8221; el_class=&#8221;headline&#8221;]<b><span style=\"font-size: 20px;\">\u00bfSe asocia PureGym con programas de Medicare y empresas de seguros de salud?<\/span><\/b><br \/>\nPureGym ofrece las siguientes membres\u00edas a los miembros que re\u00fanen los requisitos y est\u00e1n afiliados a Medicare:<br \/>\n&#8211; Silver &amp; Fit<br \/>\n&#8211; Silver Sneakers<br \/>\n&#8211; Renew Active<br \/>\n&#8211; One Pass<\/p>\n<p>Otras afiliaciones:<br \/>\n&#8211; Active &amp; Fit<br \/>\n&#8211; Tivity Health Prime<\/p>\n<p>Para obtener m\u00e1s informaci\u00f3n y saber si cumple los requisitos, haga clic <a href=\"es\/preguntas-frecuentes\">aqu\u00ed<\/a>.<\/p>\n<p>We also participate with the following third-party administrators:<\/p>\n<p>&#8211; ClassPass<br \/>\n&#8211; Wellhub<br \/>\n&#8211; Husk[\/vc_column_text][vc_separator color=&#8221;black&#8221; border_width=&#8221;2&#8243; css=&#8221;.vc_custom_1696946515966{margin-top: -30px !important;margin-bottom: -30px !important;}&#8221;][\/vc_column][\/vc_row][vc_row][vc_column][vc_raw_js]JTNDc2NyaXB0JTNFJTBBalF1ZXJ5JTI4ZG9jdW1lbnQlMjkucmVhZHklMjhmdW5jdGlvbiUyOGpRdWVyeSUyOSU3QiUwQWpRdWVyeSUyOCUyMi53cGNmNy1mb3JtLWNvbnRyb2wlMjIlMjkucHJvcCUyOCUyN3JlcXVpcmVkJTI3JTJDdHJ1ZSUyOSUzQiUwQWpRdWVyeSUyOCUyMi53cGNmNy1mb3JtJTIyJTI5LnJlbW92ZUF0dHIlMjglMjdub3ZhbGlkYXRlJTI3JTI5JTNCJTBBJTdEJTI5JTNCJTBBJTNDJTJGc2NyaXB0JTNF[\/vc_raw_js][\/vc_column][\/vc_row]<\/p>\n<\/div>","protected":false},"excerpt":{"rendered":"<p>[vc_row][vc_column][vc_column_text css=&#8221;&#8221; el_class=&#8221;headline&#8221;] Asociaciones corporativas y de salud con PureGym En PureGym, colaboramos con una amplia variedad de programas de salud. Estos incluyen programas de salud gubernamentales (como Medicare y Medicaid), adem\u00e1s de programas de bienestar privados, a los que puede accederse mediante los beneficios de bienestar que ofrecen los empleadores. Formamos parte de programas [&hellip;]<\/p>\n","protected":false},"author":49,"featured_media":389378,"parent":0,"menu_order":0,"comment_status":"closed","ping_status":"closed","template":"","meta":{"_acf_changed":false,"footnotes":""},"class_list":["post-394042","page","type-page","status-publish","has-post-thumbnail","hentry"],"acf":[],"_links":{"self":[{"href":"https:\/\/www.puregym.com\/us\/es\/wp-json\/wp\/v2\/pages\/394042","targetHints":{"allow":["GET"]}}],"collection":[{"href":"https:\/\/www.puregym.com\/us\/es\/wp-json\/wp\/v2\/pages"}],"about":[{"href":"https:\/\/www.puregym.com\/us\/es\/wp-json\/wp\/v2\/types\/page"}],"author":[{"embeddable":true,"href":"https:\/\/www.puregym.com\/us\/es\/wp-json\/wp\/v2\/users\/49"}],"replies":[{"embeddable":true,"href":"https:\/\/www.puregym.com\/us\/es\/wp-json\/wp\/v2\/comments?post=394042"}],"version-history":[{"count":12,"href":"https:\/\/www.puregym.com\/us\/es\/wp-json\/wp\/v2\/pages\/394042\/revisions"}],"predecessor-version":[{"id":394364,"href":"https:\/\/www.puregym.com\/us\/es\/wp-json\/wp\/v2\/pages\/394042\/revisions\/394364"}],"wp:featuredmedia":[{"embeddable":true,"href":"https:\/\/www.puregym.com\/us\/es\/wp-json\/wp\/v2\/media\/389378"}],"wp:attachment":[{"href":"https:\/\/www.puregym.com\/us\/es\/wp-json\/wp\/v2\/media?parent=394042"}],"curies":[{"name":"wp","href":"https:\/\/api.w.org\/{rel}","templated":true}]}}