{"id":394066,"date":"2026-02-12T04:03:50","date_gmt":"2026-02-12T09:03:50","guid":{"rendered":"https:\/\/www.puregym.com\/us?page_id=394066"},"modified":"2026-02-12T09:01:28","modified_gmt":"2026-02-12T14:01:28","slug":"legal-notice","status":"publish","type":"page","link":"https:\/\/www.puregym.com\/us\/es\/legal-notice","title":{"rendered":"Aviso legal"},"content":{"rendered":"<div class=\"wpb-content-wrapper\"><p>[vc_row][vc_column][vc_column_text][\/vc_column_text][\/vc_column][\/vc_row][vc_row][vc_column][vc_column_text css=&#8221;&#8221; el_class=&#8221;headline&#8221;]<\/p>\n<h1 class=\"p1\" style=\"text-align: center;\">Aviso legal<\/h1>\n<h2 class=\"sub-headline\" style=\"text-align: center;\">Legal<\/h2>\n<p>[\/vc_column_text][vc_column_text css=&#8221;.vc_custom_1770886984875{margin-bottom: 70px !important;}&#8221;]<\/p>\n<h4 style=\"text-align: center;\">PureGym LLC<\/h4>\n<p style=\"text-align: center;\">6701 Frontier Drive, Springfield, Virginia, 22150<\/p>\n<p style=\"text-align: center;\">Correo electr\u00f3nico:<br \/>\nSitio web: http:\/\/puregym.com\/us<\/p>\n<p class=\"p1\" style=\"text-align: center;\">Registro mercantil:<\/p>\n<p>[\/vc_column_text][vc_column_text css=&#8221;&#8221; el_class=&#8221;text-xs-dplLine&#8221;]<\/p>\n<h4 class=\"p1\"><strong translate=\"no\">Google-analytics<\/strong><\/h4>\n<p class=\"p1\">En este sitio web se usa Google Analytics, un servicio de an\u00e1lisis web de Google Inc. (\u201cGoogle\u201d). Google Analytics usa \u201ccookies\u201d, que son archivos de texto que se almacenan en su computadora y permiten analizar el uso que usted hace del sitio web. La informaci\u00f3n que se genera con las \u201ccookies\u201d sobre el uso que usted hace de este sitio web (incluida su direcci\u00f3n IP) se transfiere a un servidor de Google en Estados Unidos y se almacena all\u00ed. Google usa esta informaci\u00f3n para evaluar el uso que usted hace del sitio web, elaborar informes sobre la actividad del sitio para sus operadores y prestar otros servicios relacionados con la actividad del sitio web y el uso de Internet. Google tambi\u00e9n podr\u00e1 transferir esta informaci\u00f3n a terceros cuando as\u00ed lo exija la ley o cuando dichos terceros procesen la informaci\u00f3n de parte de Google. En ning\u00fan caso Google asociar\u00e1 su direcci\u00f3n IP con otros datos de Google. Si lo desea, puede evitar la instalaci\u00f3n de \u201ccookies\u201d al activar la configuraci\u00f3n correspondiente en su navegador. Sin embargo, tenga en cuenta que hacerlo puede limitar el uso completo de las funcionalidades de este sitio web. Al usar este sitio web, acepta que se procesen los datos que recopila Google sobre usted en la forma y para los fines que se describen anteriormente.<\/p>\n<p>[\/vc_column_text][\/vc_column][\/vc_row][vc_row][vc_column][vc_column_text][\/vc_column_text][\/vc_column][\/vc_row]<\/p>\n<\/div>","protected":false},"excerpt":{"rendered":"<p>[vc_row][vc_column][vc_column_text][\/vc_column_text][\/vc_column][\/vc_row][vc_row][vc_column][vc_column_text css=&#8221;&#8221; el_class=&#8221;headline&#8221;] Aviso legal Legal [\/vc_column_text][vc_column_text css=&#8221;.vc_custom_1770886984875{margin-bottom: 70px !important;}&#8221;] PureGym LLC 6701 Frontier Drive, Springfield, Virginia, 22150 Correo electr\u00f3nico: Sitio web: http:\/\/puregym.com\/us Registro mercantil: [\/vc_column_text][vc_column_text css=&#8221;&#8221; el_class=&#8221;text-xs-dplLine&#8221;] Google-analytics En este sitio web se usa Google Analytics, un servicio de an\u00e1lisis web de Google Inc. (\u201cGoogle\u201d). Google Analytics usa \u201ccookies\u201d, que son archivos de texto [&hellip;]<\/p>\n","protected":false},"author":49,"featured_media":0,"parent":0,"menu_order":4,"comment_status":"closed","ping_status":"closed","template":"","meta":{"_acf_changed":false,"footnotes":""},"class_list":["post-394066","page","type-page","status-publish","hentry"],"acf":[],"_links":{"self":[{"href":"https:\/\/www.puregym.com\/us\/es\/wp-json\/wp\/v2\/pages\/394066","targetHints":{"allow":["GET"]}}],"collection":[{"href":"https:\/\/www.puregym.com\/us\/es\/wp-json\/wp\/v2\/pages"}],"about":[{"href":"https:\/\/www.puregym.com\/us\/es\/wp-json\/wp\/v2\/types\/page"}],"author":[{"embeddable":true,"href":"https:\/\/www.puregym.com\/us\/es\/wp-json\/wp\/v2\/users\/49"}],"replies":[{"embeddable":true,"href":"https:\/\/www.puregym.com\/us\/es\/wp-json\/wp\/v2\/comments?post=394066"}],"version-history":[{"count":3,"href":"https:\/\/www.puregym.com\/us\/es\/wp-json\/wp\/v2\/pages\/394066\/revisions"}],"predecessor-version":[{"id":394298,"href":"https:\/\/www.puregym.com\/us\/es\/wp-json\/wp\/v2\/pages\/394066\/revisions\/394298"}],"wp:attachment":[{"href":"https:\/\/www.puregym.com\/us\/es\/wp-json\/wp\/v2\/media?parent=394066"}],"curies":[{"name":"wp","href":"https:\/\/api.w.org\/{rel}","templated":true}]}}