{"id":394374,"date":"2026-02-13T06:46:53","date_gmt":"2026-02-13T11:46:53","guid":{"rendered":"https:\/\/www.puregym.com\/us?page_id=394374"},"modified":"2026-04-23T03:25:01","modified_gmt":"2026-04-23T07:25:01","slug":"terminos-y-condiciones-offer","status":"publish","type":"page","link":"https:\/\/www.puregym.com\/us\/es\/terminos-y-condiciones-offer","title":{"rendered":"T\u00e9rminos y condiciones \u2013 Offer"},"content":{"rendered":"<div class=\"wpb-content-wrapper\"><p>[vc_row][vc_column][vc_column_text css=&#8221;&#8221;]<\/p>\n<h1>T\u00e9rminos y condiciones de la oferta <\/h1>\n<\/p>\n<h2>*$0 de cuota de inscripci\u00f3n<\/h2>\n<p>&#8211; Oferta por tiempo limitado disponible hasta las 11:59 p. m. (EST) del 5\/5\/26<br \/>\n&#8211; El precio de la oferta por tiempo limitado es una cuota de inscripci\u00f3n de $0<br \/>\n&#8211; Los miembros activos actuales est\u00e1n excluidos de esta oferta.<br \/>\n&#8211; Oferta v\u00e1lida para todas las suscripciones<br \/>\n&#8211; Las cuotas se cobrar\u00e1n mensualmente seg\u00fan el plan seleccionado, a la tarifa vigente al momento de la compra.<br \/>\n&#8211; La oferta est\u00e1 sujeta a la firma de un contrato de membres\u00eda y a proporcionar informaci\u00f3n de pago v\u00e1lida; consulta los T\u00e9rminos y Condiciones de la membres\u00eda para m\u00e1s detalles.<br \/>\n&#8211; La tarifa anual est\u00e1ndar de mantenimiento de $59.99 se cargar\u00e1 a la tarjeta registrada el primer d\u00eda del segundo mes completo despu\u00e9s de la inscripci\u00f3n.<br \/>\n&#8211; La oferta puede ser modificada o cancelada en cualquier momento sin previo aviso.<br \/>\n&#8211; Pueden aplicarse impuestos.<br \/>\n&#8211; Los siguientes gimnasios no est\u00e1n incluidos en esta oferta: Park Slope\n<\/p>\n<h2>*50% de descuento en el primer mes de suscripci\u00f3n + $0 de cuota de inscripci\u00f3n<\/h2>\n<p>&#8211; Oferta por tiempo limitado disponible hasta las 11:59 p. m. (EST) del 5\/5\/26<br \/>\n&#8211; El precio de la oferta por tiempo limitado es una cuota de inscripci\u00f3n de $0 y 50% de descuento en la cuota de socio<br \/>\n&#8211; Los miembros activos actuales est\u00e1n excluidos de esta oferta.<br \/>\n&#8211; Oferta v\u00e1lida para todas las suscripciones mensuales<br \/>\n&#8211; Despu\u00e9s del primer mes, se aplicar\u00e1n las tarifas completas de la membres\u00eda. Las cuotas se cobrar\u00e1n mensualmente seg\u00fan el plan seleccionado, a la tarifa vigente al momento de la compra.<br \/>\n&#8211; La oferta est\u00e1 sujeta a la firma de un contrato de membres\u00eda y a proporcionar informaci\u00f3n de pago v\u00e1lida; consulta los T\u00e9rminos y Condiciones de la membres\u00eda para m\u00e1s detalles.<br \/>\n&#8211; La tarifa anual est\u00e1ndar de mantenimiento de $49.99 se cargar\u00e1 a la tarjeta registrada el primer d\u00eda del segundo mes completo despu\u00e9s de la inscripci\u00f3n.<br \/>\n&#8211; La oferta puede ser modificada o cancelada en cualquier momento sin previo aviso.<br \/>\n&#8211; Pueden aplicarse impuestos.<br \/>\n&#8211; Los siguientes gimnasios est\u00e1n incluidos en esta oferta: Columbia, Springfield &#038; Tysons Corner\n<\/div>","protected":false},"excerpt":{"rendered":"<p>[vc_row][vc_column][vc_column_text css=&#8221;&#8221;] T\u00e9rminos y condiciones de la oferta<\/p>\n","protected":false},"author":49,"featured_media":0,"parent":0,"menu_order":0,"comment_status":"closed","ping_status":"closed","template":"","meta":{"_acf_changed":false,"footnotes":""},"class_list":["post-394374","page","type-page","status-publish","hentry"],"acf":[],"_links":{"self":[{"href":"https:\/\/www.puregym.com\/us\/es\/wp-json\/wp\/v2\/pages\/394374","targetHints":{"allow":["GET"]}}],"collection":[{"href":"https:\/\/www.puregym.com\/us\/es\/wp-json\/wp\/v2\/pages"}],"about":[{"href":"https:\/\/www.puregym.com\/us\/es\/wp-json\/wp\/v2\/types\/page"}],"author":[{"embeddable":true,"href":"https:\/\/www.puregym.com\/us\/es\/wp-json\/wp\/v2\/users\/49"}],"replies":[{"embeddable":true,"href":"https:\/\/www.puregym.com\/us\/es\/wp-json\/wp\/v2\/comments?post=394374"}],"version-history":[{"count":17,"href":"https:\/\/www.puregym.com\/us\/es\/wp-json\/wp\/v2\/pages\/394374\/revisions"}],"predecessor-version":[{"id":395662,"href":"https:\/\/www.puregym.com\/us\/es\/wp-json\/wp\/v2\/pages\/394374\/revisions\/395662"}],"wp:attachment":[{"href":"https:\/\/www.puregym.com\/us\/es\/wp-json\/wp\/v2\/media?parent=394374"}],"curies":[{"name":"wp","href":"https:\/\/api.w.org\/{rel}","templated":true}]}}